{"id":7,"date":"2021-08-13T12:45:07","date_gmt":"2021-08-13T10:45:07","guid":{"rendered":"http:\/\/46.246.38.222\/?page_id=7"},"modified":"2026-03-12T15:43:26","modified_gmt":"2026-03-12T14:43:26","slug":"kontakt","status":"publish","type":"page","link":"https:\/\/sanktmanslyckan.se\/?page_id=7","title":{"rendered":"F\u00f6r medlemmarna"},"content":{"rendered":"\n<div class=\"wp-block-buttons alignwide is-layout-flex wp-block-buttons-is-layout-flex\">\n<div class=\"wp-block-button\"><a class=\"wp-block-button__link wp-element-button\" href=\"#stadgar\">Stadgar och ordningsregler<\/a><\/div>\n\n\n\n<div class=\"wp-block-button\"><a class=\"wp-block-button__link wp-element-button\" href=\"#medlemsformaner\">Medlemsf\u00f6rm\u00e5ner<\/a><\/div>\n\n\n\n<div class=\"wp-block-button\"><a class=\"wp-block-button__link wp-element-button\" href=\"#saljrutiner\">S\u00e4ljrutiner och \u00f6verl\u00e5telse<\/a><\/div>\n\n\n\n<div class=\"wp-block-button\"><a class=\"wp-block-button__link wp-element-button\" href=\"#byggregler\">Byggregler f\u00f6r kolonistuga<\/a><\/div>\n<\/div>\n\n\n\n<div style=\"height:100px\" aria-hidden=\"true\" class=\"wp-block-spacer\"><\/div>\n\n\n\n<div class=\"wp-block-cover alignfull is-light\" style=\"min-height:157px;aspect-ratio:unset;\"><span aria-hidden=\"true\" class=\"wp-block-cover__background has-green-background-color has-background-dim-100 has-background-dim\"><\/span><div class=\"wp-block-cover__inner-container is-layout-flow wp-block-cover-is-layout-flow\">\n<h3 class=\"wp-block-heading has-text-align-center\" id=\"stadgar\">Stadgar och ordningsregler<\/h3>\n<\/div><\/div>\n\n\n\n<div style=\"height:50px\" aria-hidden=\"true\" class=\"wp-block-spacer\"><\/div>\n\n\n\n<h3 class=\"wp-block-heading\">Vad \u00e4r stadgar?<\/h3>\n\n\n\n<p>Stadgar \u00e4r beteckningen p\u00e5 de interna regler som g\u00e4ller f\u00f6r f\u00f6reningen. Stadgarna har framf\u00f6r allt betydelse f\u00f6r det praktiska arbetet i f\u00f6reningen och f\u00f6r att ge f\u00f6reningen karakt\u00e4r och motivera dess existens och verksamhet.<\/p>\n\n\n\n<p><a href=\"\/wp-content\/uploads\/2021\/08\/St-Manslyckan-Stadgar.pdf\">F\u00f6reningsstadgar f\u00f6r Kolonif\u00f6reningen S:t M\u00e5nslyckan<\/a><\/p>\n\n\n\n<div style=\"height:10px\" aria-hidden=\"true\" class=\"wp-block-spacer\"><\/div>\n\n\n\n<h3 class=\"wp-block-heading\">Lunds kommuns ordningsregler<\/h3>\n\n\n\n<p>En \u00e5terkommande fr\u00e5ga bland presumtiva eller nyblivna koloni\u00e4gare \u00e4r vilka regler som finns och vilka skyldigheter de har. Kommunen har generella regler som g\u00e4ller f\u00f6r alla koloniomr\u00e5den.<\/p>\n\n\n\n<p><a href=\"https:\/\/lund.se\/download\/18.130f02f217ce99065d031788\/1639565853746\/Ordningsregler%20och%20milj%C3%B6policy%20f%C3%B6r%20koloniomr%C3%A5den.pdf\">Ordningsregler f\u00f6r kolonitr\u00e4dg\u00e5rd<\/a><\/p>\n\n\n\n<div style=\"height:10px\" aria-hidden=\"true\" class=\"wp-block-spacer\"><\/div>\n\n\n\n<h3 class=\"wp-block-heading\">V\u00e5ra trivselregler<\/h3>\n\n\n\n<p>Kolonif\u00f6reningen har egna trivselregler som kompletterar kommunens ordningsregler. Bland det viktigaste att k\u00e4nna till \u00e4r att du som kolonist \u00e4r skyldig att bidra till sk\u00f6tseln av omr\u00e5dets allm\u00e4nna ytor. V\u00e5r f\u00f6rening anordnar 2\u20133 arbetsdagar\/st\u00e4dtillf\u00e4llen varje \u00e5r d\u00e4r alla hj\u00e4lps \u00e5t att h\u00e5lla omr\u00e5det snyggt. Du har ocks\u00e5 skyldighet att h\u00e5lla efter de g\u00e5ngar som gr\u00e4nsar till din lott. G\u00e5ngen ska vara fri fr\u00e5n ogr\u00e4s och uth\u00e4ngande grenar.<\/p>\n\n\n\n<p><a href=\"https:\/\/www.sanktmanslyckan.se\/wp-content\/uploads\/St-Manslyckan-Trivselregler.pdf\">T<\/a><a href=\"\/wp-content\/uploads\/2021\/08\/St-Manslyckan-Trivselregler.pdf\">rivselregler f\u00f6r Kolonif\u00f6reningen S:t M\u00e5nslyckan<\/a><\/p>\n\n\n\n<div style=\"height:50px\" aria-hidden=\"true\" class=\"wp-block-spacer\"><\/div>\n\n\n\n<div class=\"wp-block-cover alignfull is-light\" style=\"min-height:157px;aspect-ratio:unset;\"><span aria-hidden=\"true\" class=\"wp-block-cover__background has-green-background-color has-background-dim-100 has-background-dim\"><\/span><div class=\"wp-block-cover__inner-container is-layout-flow wp-block-cover-is-layout-flow\">\n<h3 class=\"wp-block-heading has-text-align-center\" id=\"medlemsformaner\">Medlemsf\u00f6rm\u00e5ner<\/h3>\n<\/div><\/div>\n\n\n\n<div style=\"height:50px\" aria-hidden=\"true\" class=\"wp-block-spacer\"><\/div>\n\n\n\n<p>Vi har en del gemensamma saker i f\u00f6reningen, du l\u00e5nar dem gratis mot att du f\u00f6rvaltar dem v\u00e4l under l\u00e5netiden.<\/p>\n\n\n\n<div style=\"height:10px\" aria-hidden=\"true\" class=\"wp-block-spacer\"><\/div>\n\n\n\n<h3 class=\"wp-block-heading\">Paviljongen<\/h3>\n\n\n\n<p>Vill du anordna en sammankomst eller fest f\u00f6r v\u00e4nner och familj? D\u00e5 har du som medlem m\u00f6jlighet att hyra f\u00f6reningens Paviljong.<\/p>\n\n\n\n<p>Boka via Nina Bj\u00f6rk, koloni 28:<br \/><strong>046-32 36 82<\/strong> eller <a href=\"mailto:nina.bjork1@outlook.com\">nina.bjork1@outlook.com<\/a>.<\/p>\n\n\n\n<p>Avgiften \u00e4r 300 kr\/dag. Efter att du har f\u00e5tt bekr\u00e4ftat att den \u00e4r ledig betalar du med f\u00f6rdel avgiften till f\u00f6reningens Swish-nummer:<br \/><strong>123 663 83 08<\/strong>.<\/p>\n\n\n\n<p>34 stolar, 5 bord och vindskydd finns till f\u00f6rfogande. I gr\u00f6na boden finns tillg\u00e5ng till kaffe- och vattenkokare.<\/p>\n\n\n\n<p>Notera ordningsreglerna som \u00e4r uppsatta i Paviljongen.<\/p>\n\n\n\n<div style=\"height:11px\" aria-hidden=\"true\" class=\"wp-block-spacer\"><\/div>\n\n\n\n<h3 class=\"wp-block-heading\">Fruktpress och fruktkross<\/h3>\n\n\n\n<p>Har du \u00e4ppel- eller p\u00e4rontr\u00e4d i din kolonilott? L\u00e5na f\u00f6reningens fruktpress och g\u00f6r din egen must!<\/p>\n\n\n\n<p>Det \u00e4r trevligt om man g\u00e5r samman med andra kolonister och pressar tillsammans en dag. Noggrann reng\u00f6ring av fruktpressen efter anv\u00e4ndning \u00e4r f\u00f6rst\u00e5s en sj\u00e4lvklarhet.<\/p>\n\n\n\n<p>Boka genom Cecilia Zabala, helst via SMS, p\u00e5 telefon:<br \/><strong>070-225 99 01<\/strong><\/p>\n\n\n\n<div style=\"height:10px\" aria-hidden=\"true\" class=\"wp-block-spacer\"><\/div>\n\n\n\n<h3 class=\"wp-block-heading\">Hjulhacka och redskap<\/h3>\n\n\n\n<p>Hjulhackan \u00e4r ett handredskap f\u00f6r ogr\u00e4sbek\u00e4mpning p\u00e5 grusg\u00e5ngar och kantsk\u00e4rning. En bokningslista finns i redskapsboden vid komposten.<\/p>\n\n\n\n<h5 class=\"wp-block-heading\"><strong>\u00d6vriga redskap<\/strong><\/h5>\n\n\n\n<p>I de gemensamma f\u00f6rr\u00e5den finns ett flertal redskap som \u00e4r till l\u00e5ns. Exempel p\u00e5 redskap \u00e4r: <strong>stegar<\/strong>, <strong>gr\u00e4sklippare<\/strong>, <strong>fruktplockare<\/strong>, <strong>krattor<\/strong>, <strong>r\u00e4fsor<\/strong> och <strong>kvastar<\/strong>. Vid f\u00f6rr\u00e5den finns dessutom f\u00f6reningens skottk\u00e4rror utplacerade.<\/p>\n\n\n\n<div style=\"height:10px\" aria-hidden=\"true\" class=\"wp-block-spacer\"><\/div>\n\n\n\n<h3 class=\"wp-block-heading\">Rabattkort<\/h3>\n\n\n\n<p>Lunds Kolonisters Centralf\u00f6rening, LKC, har tagit fram ett medlemskort som ger kolonister rabatt i ett antal butiker. 2025 kom ett nytt, kort..<\/p>\n\n\n\n<p>Fr\u00e5ga n\u00e5gon i styrelsen om du vill ha ett kort.<\/p>\n\n\n\n<p>P\u00e5 LKC:s hemsida finns information om\u00a0<a href=\"https:\/\/lkc.nu\/medlems-och-rabattkort\">vilka butiker som ger rabatt<\/a>.<\/p>\n\n\n\n<div style=\"height:50px\" aria-hidden=\"true\" class=\"wp-block-spacer\"><\/div>\n\n\n\n<div class=\"wp-block-cover alignfull is-light\" style=\"min-height:157px;aspect-ratio:unset;\"><span aria-hidden=\"true\" class=\"wp-block-cover__background has-green-background-color has-background-dim-100 has-background-dim\"><\/span><div class=\"wp-block-cover__inner-container is-layout-flow wp-block-cover-is-layout-flow\">\n<h3 class=\"wp-block-heading has-text-align-center\" id=\"saljrutiner\">N\u00e4r du vill s\u00e4lja<\/h3>\n<\/div><\/div>\n\n\n\n<div style=\"height:50px\" aria-hidden=\"true\" class=\"wp-block-spacer\"><\/div>\n\n\n\n<div class=\"wp-block-media-text alignwide has-media-on-the-right is-stacked-on-mobile is-vertically-aligned-center is-image-fill-element\"><div class=\"wp-block-media-text__content\">\n\n<p class=\"has-large-font-size\">Kolonistugan \u00e4r din privata egendom, men du har ett arrendeavtal med Lunds kommun f\u00f6r marken du f\u00e5r odla p\u00e5 och njuta av.<\/p>\n\n\n<p>N\u00e4r du ska s\u00e4lja m\u00e5ste du bara veta att din k\u00f6pare \u00e4r folkbokf\u00f6rd i Lunds kommun. P\u00e5 kommunens sida om kolonitr\u00e4dg\u00e5rd kan du l\u00e4sa vad du som s\u00e4ljare ska g\u00f6ra och vilka uppgifter du ska skicka in till kommunen.<\/p>\n\n\n<p>Kommunen uppr\u00e4ttar ett avtal som \u00e4r giltigt till och med 2019-12-31 (Detta g\u00e4ller alla avtal tills ett nytt arrendeavtal har slutits). Kommunen meddelar omr\u00e5dets kolonif\u00f6rening om \u00e4garbytet.<\/p>\n\n\n<p>Den som k\u00f6per din koloni betalar dig f\u00f6r stugan och andra byggnader, f\u00f6r inventarier, redskap och v\u00e4xter p\u00e5 din lott. K\u00f6pesumman \u00e4r helt och h\u00e5llet en sak mellan dig och k\u00f6paren. Kommunen och kolonif\u00f6reningen har ingen insyn eller n\u00e5got ansvar i den fr\u00e5gan.<\/p>\n\n<\/div><figure class=\"wp-block-media-text__media\"><img loading=\"lazy\" decoding=\"async\" width=\"2016\" height=\"1512\" src=\"https:\/\/sanktmanslyckan.se\/wp-content\/uploads\/2021\/08\/Stuga.jpg\" alt=\"\" class=\"wp-image-141 size-full\" style=\"object-position:50% 50%\"\/><\/figure><\/div>\n\n\n\n<div style=\"height:50px\" aria-hidden=\"true\" class=\"wp-block-spacer\"><\/div>\n\n\n\n<div class=\"wp-block-cover alignfull is-light\" style=\"min-height:157px;aspect-ratio:unset;\"><span aria-hidden=\"true\" class=\"wp-block-cover__background has-green-background-color has-background-dim-100 has-background-dim\"><\/span><div class=\"wp-block-cover__inner-container is-layout-flow wp-block-cover-is-layout-flow\">\n<h3 class=\"wp-block-heading has-text-align-center\" id=\"byggregler\">Byggregler f\u00f6r kolonistuga<\/h3>\n<\/div><\/div>\n\n\n\n<div style=\"height:49px\" aria-hidden=\"true\" class=\"wp-block-spacer\"><\/div>\n\n\n\n<p>I dokumentet <a href=\"https:\/\/lund.se\/uppleva-och-gora\/natur-lekplatser-och-parker\/kolonitradgardar\/for-dig-som-har-en-koloni\/st-manslyckan\">Regler f\u00f6r bebyggelse p\u00e5 koloniomr\u00e5det S:t M\u00e5nslyckan<\/a> p\u00e5 Lunds kommuns hemsida kan du l\u00e4sa vilka regler som m\u00e5ste f\u00f6ljas.<\/p>\n\n\n\n<div style=\"height:10px\" aria-hidden=\"true\" class=\"wp-block-spacer\"><\/div>\n\n\n\n<figure class=\"wp-block-pullquote\"><blockquote><p>S:t M\u00e5nslyckans koloniomr\u00e5de \u00e4r ett av de koloniomr\u00e5den i Lund som inte beh\u00f6ver ans\u00f6ka om bygglov, men d\u00e4remot beh\u00f6ver anm\u00e4la byggstart n\u00e4r en kolonistuga ska byggas, byggas till eller byggas om.<\/p><\/blockquote><\/figure>\n\n\n\n<div style=\"height:15px\" aria-hidden=\"true\" class=\"wp-block-spacer\"><\/div>\n\n\n\n<p>Observera att det kr\u00e4vs ett startbesked fr\u00e5n byggnadsn\u00e4mnden innan byggnationen f\u00e5r p\u00e5b\u00f6rjas. Ta kontakt med Lunds kommun Stadsbyggnadskontoret f\u00f6r att l\u00e4mna in en anm\u00e4lan om uppf\u00f6rande av bygglovsbefriad byggnad: <a href=\"https:\/\/www.lund.se\/bygga-bo--miljo\/bygga-nytt-andra-eller-riva\/kolonistuga\/\">https:\/\/www.lund.se\/bygga-bo\u2013miljo\/bygga-nytt-andra-eller-riva\/kolonistuga\/<\/a><\/p>\n","protected":false},"excerpt":{"rendered":"<p>Vad \u00e4r stadgar? Stadgar \u00e4r beteckningen p\u00e5 de interna regler som g\u00e4ller f\u00f6r f\u00f6reningen. Stadgarna har framf\u00f6r allt betydelse f\u00f6r det praktiska arbetet i f\u00f6reningen och f\u00f6r att ge f\u00f6reningen karakt\u00e4r och motivera dess existens och verksamhet. F\u00f6reningsstadgar f\u00f6r Kolonif\u00f6reningen S:t M\u00e5nslyckan Lunds kommuns ordningsregler En \u00e5terkommande fr\u00e5ga bland presumtiva eller nyblivna koloni\u00e4gare \u00e4r vilka&hellip; <a class=\"more-link\" href=\"https:\/\/sanktmanslyckan.se\/?page_id=7\">Forts\u00e4tt l\u00e4sa <span class=\"screen-reader-text\">F\u00f6r medlemmarna<\/span><\/a><\/p>\n","protected":false},"author":1,"featured_media":0,"parent":0,"menu_order":0,"comment_status":"closed","ping_status":"closed","template":"","meta":{"footnotes":""},"class_list":["post-7","page","type-page","status-publish","hentry","entry"],"_links":{"self":[{"href":"https:\/\/sanktmanslyckan.se\/index.php?rest_route=\/wp\/v2\/pages\/7","targetHints":{"allow":["GET"]}}],"collection":[{"href":"https:\/\/sanktmanslyckan.se\/index.php?rest_route=\/wp\/v2\/pages"}],"about":[{"href":"https:\/\/sanktmanslyckan.se\/index.php?rest_route=\/wp\/v2\/types\/page"}],"author":[{"embeddable":true,"href":"https:\/\/sanktmanslyckan.se\/index.php?rest_route=\/wp\/v2\/users\/1"}],"replies":[{"embeddable":true,"href":"https:\/\/sanktmanslyckan.se\/index.php?rest_route=%2Fwp%2Fv2%2Fcomments&post=7"}],"version-history":[{"count":36,"href":"https:\/\/sanktmanslyckan.se\/index.php?rest_route=\/wp\/v2\/pages\/7\/revisions"}],"predecessor-version":[{"id":400,"href":"https:\/\/sanktmanslyckan.se\/index.php?rest_route=\/wp\/v2\/pages\/7\/revisions\/400"}],"wp:attachment":[{"href":"https:\/\/sanktmanslyckan.se\/index.php?rest_route=%2Fwp%2Fv2%2Fmedia&parent=7"}],"curies":[{"name":"wp","href":"https:\/\/api.w.org\/{rel}","templated":true}]}}