{"id":5,"date":"2024-07-01T10:54:01","date_gmt":"2024-07-01T08:54:01","guid":{"rendered":"http:\/\/46.246.38.222\/?page_id=5"},"modified":"2026-02-28T16:17:01","modified_gmt":"2026-02-28T15:17:01","slug":"skapa-din-egen-webbplats-med-block","status":"publish","type":"page","link":"https:\/\/sanktmanslyckan.se\/","title":{"rendered":"Hem"},"content":{"rendered":"\n<div class=\"wp-block-cover alignfull is-light\" style=\"min-height:611px;aspect-ratio:unset;\"><span aria-hidden=\"true\" class=\"wp-block-cover__background has-background-dim\"><\/span><img loading=\"lazy\" decoding=\"async\" width=\"2400\" height=\"950\" class=\"wp-block-cover__image-background wp-image-35\" alt=\"\" src=\"https:\/\/sanktmanslyckan.se\/wp-content\/uploads\/2021\/08\/St-Manslyckan-Patrik-Svensson-3.jpg\" data-object-fit=\"cover\"\/><div class=\"wp-block-cover__inner-container is-layout-flow wp-block-cover-is-layout-flow\">\n<h3 class=\"wp-block-heading alignwide has-text-align-center\">V\u00e4lkommen till Kolonif\u00f6reningen S:t M\u00e5nslyckan i Lund!<br>V\u00e5rt koloniomr\u00e5de anlades redan 1907<\/h3>\n<\/div><\/div>\n\n\n\n<div style=\"height:49px\" aria-hidden=\"true\" class=\"wp-block-spacer\"><\/div>\n\n\n\n<h3 class=\"wp-block-heading alignwide has-text-align-center\">Senaste nytt<\/h3>\n\n\n\n<div style=\"height:10px\" aria-hidden=\"true\" class=\"wp-block-spacer\"><\/div>\n\n\n\n<div class=\"wp-block-columns alignwide is-style-default is-layout-flex wp-container-core-columns-is-layout-9d6595d7 wp-block-columns-is-layout-flex\">\n<div class=\"wp-block-column is-layout-flow wp-block-column-is-layout-flow\">\n<div class=\"wp-block-group\"><div class=\"wp-block-group__inner-container is-layout-constrained wp-block-group-is-layout-constrained\">\n<div class=\"wp-block-group\"><div class=\"wp-block-group__inner-container is-layout-constrained wp-block-group-is-layout-constrained\">\n<h4 class=\"wp-block-heading\">Styrelse 2025\/2026<\/h4>\n\n\n\n<p>P\u00e5 \u00e5rsm\u00f6tet 2025 valdes en ny styrelse f\u00f6r Kolonif\u00f6reningen S:t M\u00e5nslyckan. H\u00e4r presenterar vi styrelsen f\u00f6r verksamhets\u00e5ret 2025\/2026.<\/p>\n\n\n\n<p><a href=\"https:\/\/sanktmanslyckan.se\/?p=379\" data-type=\"post\" data-id=\"379\">L\u00e4s mer<\/a><\/p>\n<\/div><\/div>\n<\/div><\/div>\n<\/div>\n\n\n\n<div class=\"wp-block-column is-layout-flow wp-block-column-is-layout-flow\">\n<h4 class=\"wp-block-heading\">Vi g\u00e5r med i Kolonitr\u00e4dg\u00e5rdsf\u00f6rbundet<\/h4>\n\n\n\n<p>P\u00e5 extra\u00e5rsm\u00f6tet den 16 november 2025 beslutade f\u00f6reningen att ansluta sig till Kolonitr\u00e4dg\u00e5rdsf\u00f6rbundet \u2013 ett riksf\u00f6rbund f\u00f6r kolonitr\u00e4dg\u00e5rdar i Sverige.<\/p>\n\n\n\n<p><a href=\"https:\/\/sanktmanslyckan.se\/?p=380\" data-type=\"post\" data-id=\"380\">L\u00e4s mer<\/a> &nbsp;|&nbsp; <a href=\"https:\/\/sanktmanslyckan.se\/wp-content\/uploads\/2026\/02\/Extraarsmotesprotokoll-2025.pdf\">Ladda ner protokoll (docx)<\/a><\/p>\n<\/div>\n<\/div>\n\n\n\n<div style=\"height:50px\" aria-hidden=\"true\" class=\"wp-block-spacer\"><\/div>\n\n\n\n<hr class=\"wp-block-separator has-css-opacity is-style-twentytwentyone-separator-thick\"\/>\n\n\n\n<div style=\"height:50px\" aria-hidden=\"true\" class=\"wp-block-spacer\"><\/div>\n\n\n\n<div class=\"wp-block-columns alignwide are-vertically-aligned-top is-layout-flex wp-container-core-columns-is-layout-9d6595d7 wp-block-columns-is-layout-flex\">\n<div class=\"wp-block-column is-vertically-aligned-top is-layout-flow wp-block-column-is-layout-flow\"><div class=\"wp-block-image\">\n<figure class=\"aligncenter size-large\"><img decoding=\"async\" src=\"https:\/\/sanktmanslyckan.se\/wp-content\/uploads\/2021\/08\/protokoll@2x.png\" alt=\"\"\/><\/figure>\n<\/div>\n\n\n<h4 class=\"wp-block-heading has-text-align-center\">Protokoll<\/h4>\n\n\n\n<p class=\"has-text-align-center\">H\u00e4r hittar du \u00e5rsm\u00f6tesprotokoll och \u00e5rsber\u00e4ttelser f\u00f6r Kolonif\u00f6reningen S:t M\u00e5nslyckan. <a href=\"?page_id=6#protokoll\">L\u00e4s mer<\/a><\/p>\n<\/div>\n\n\n\n<div class=\"wp-block-column is-vertically-aligned-top is-layout-flow wp-block-column-is-layout-flow\"><div class=\"wp-block-image\">\n<figure class=\"aligncenter size-large\"><img decoding=\"async\" src=\"https:\/\/sanktmanslyckan.se\/wp-content\/uploads\/2021\/08\/trivselregler@2x.png\" alt=\"\"\/><\/figure>\n<\/div>\n\n\n<h4 class=\"wp-block-heading has-text-align-center\">Trivselregler<\/h4>\n\n\n\n<p class=\"has-text-align-center\">G\u00e5 g\u00e4rna genom trivselreglarna, de \u00e4r till f\u00f6r \u00f6ka gemenskapen och trivseln f\u00f6r v\u00e5ra medlemmar. <a href=\"\/wp-content\/uploads\/2021\/08\/St-Manslyckan-Trivselregler-1.pdf\">L\u00e4s mer<\/a><\/p>\n<\/div>\n\n\n\n<div class=\"wp-block-column is-vertically-aligned-top is-layout-flow wp-block-column-is-layout-flow\"><div class=\"wp-block-image\">\n<figure class=\"aligncenter size-large\"><img decoding=\"async\" src=\"https:\/\/sanktmanslyckan.se\/wp-content\/uploads\/2021\/08\/facebook@2x.png\" alt=\"\"\/><\/figure>\n<\/div>\n\n\n<h4 class=\"wp-block-heading has-text-align-center\">Facebook<\/h4>\n\n\n\n<p class=\"has-text-align-center\">Vi har en Facebook-sida d\u00e4r vi delar de senaste nyheterna, tips och en massa inspiration! <a href=\"https:\/\/www.facebook.com\/stmanslyckanlund\">F\u00f6lj oss<\/a><\/p>\n<\/div>\n<\/div>\n\n\n\n<p><\/p>\n","protected":false},"excerpt":{"rendered":"<p>Senaste nytt Styrelse 2025\/2026 P\u00e5 \u00e5rsm\u00f6tet 2025 valdes en ny styrelse f\u00f6r Kolonif\u00f6reningen S:t M\u00e5nslyckan. H\u00e4r presenterar vi styrelsen f\u00f6r verksamhets\u00e5ret 2025\/2026. L\u00e4s mer Vi g\u00e5r med i Kolonitr\u00e4dg\u00e5rdsf\u00f6rbundet P\u00e5 extra\u00e5rsm\u00f6tet den 16 november 2025 beslutade f\u00f6reningen att ansluta sig till Kolonitr\u00e4dg\u00e5rdsf\u00f6rbundet \u2013 ett riksf\u00f6rbund f\u00f6r kolonitr\u00e4dg\u00e5rdar i Sverige. L\u00e4s mer &nbsp;|&nbsp; Ladda ner protokoll&hellip; <a class=\"more-link\" href=\"https:\/\/sanktmanslyckan.se\/\">Forts\u00e4tt l\u00e4sa <span class=\"screen-reader-text\">Hem<\/span><\/a><\/p>\n","protected":false},"author":2,"featured_media":0,"parent":0,"menu_order":0,"comment_status":"closed","ping_status":"closed","template":"","meta":{"footnotes":""},"class_list":["post-5","page","type-page","status-publish","hentry","entry"],"_links":{"self":[{"href":"https:\/\/sanktmanslyckan.se\/index.php?rest_route=\/wp\/v2\/pages\/5","targetHints":{"allow":["GET"]}}],"collection":[{"href":"https:\/\/sanktmanslyckan.se\/index.php?rest_route=\/wp\/v2\/pages"}],"about":[{"href":"https:\/\/sanktmanslyckan.se\/index.php?rest_route=\/wp\/v2\/types\/page"}],"author":[{"embeddable":true,"href":"https:\/\/sanktmanslyckan.se\/index.php?rest_route=\/wp\/v2\/users\/2"}],"replies":[{"embeddable":true,"href":"https:\/\/sanktmanslyckan.se\/index.php?rest_route=%2Fwp%2Fv2%2Fcomments&post=5"}],"version-history":[{"count":48,"href":"https:\/\/sanktmanslyckan.se\/index.php?rest_route=\/wp\/v2\/pages\/5\/revisions"}],"predecessor-version":[{"id":395,"href":"https:\/\/sanktmanslyckan.se\/index.php?rest_route=\/wp\/v2\/pages\/5\/revisions\/395"}],"wp:attachment":[{"href":"https:\/\/sanktmanslyckan.se\/index.php?rest_route=%2Fwp%2Fv2%2Fmedia&parent=5"}],"curies":[{"name":"wp","href":"https:\/\/api.w.org\/{rel}","templated":true}]}}