{"id":217,"date":"2021-08-15T15:07:49","date_gmt":"2021-08-15T13:07:49","guid":{"rendered":"http:\/\/46.246.38.222\/?page_id=217"},"modified":"2026-01-09T20:58:33","modified_gmt":"2026-01-09T19:58:33","slug":"lankar","status":"publish","type":"page","link":"https:\/\/sanktmanslyckan.se\/?page_id=217","title":{"rendered":"L\u00e4nkar"},"content":{"rendered":"\n<h4 class=\"wp-block-heading\">F\u00f6reningar<\/h4>\n\n\n\n<p><a href=\"http:\/\/www.lkc.nu\">Lunds Kolonisters Centralf\u00f6rening<\/a><br><a href=\"http:\/\/lundstradgardssallskap.se\/\">Lunds Tr\u00e4dg\u00e5rdss\u00e4llskap<\/a><br><a href=\"http:\/\/kolonitradgardsforbundet.se\/\">Kolonitr\u00e4dg\u00e5rdsf\u00f6rbundet<\/a><br><a href=\"http:\/\/www.tradgard.org\/\">Riksf\u00f6rbundet Svensk Tr\u00e4dg\u00e5rd<\/a><br><a href=\"http:\/\/lund.naturskyddsforeningen.se\/\">Naturskyddsf\u00f6reningen \u2013 Lund<\/a><\/p>\n\n\n\n<div style=\"height:10px\" aria-hidden=\"true\" class=\"wp-block-spacer\"><\/div>\n\n\n\n<h4 class=\"wp-block-heading\">Koloni, tr\u00e4dg\u00e5rd och odling i Lund<\/h4>\n\n\n\n<p><a href=\"https:\/\/www.lund.se\/koloni\">Koloniomr\u00e5den och odlingslotter<\/a><br \/><a href=\"https:\/\/www.lund.se\/globalassets\/lund.se\/upp_gora\/idrott-motion-och-friluftsliv\/friluftsliv-och-motion\/koloni-och-odlingslotter\/koloni\/karta_koloniomraden_lund_170918.pdf\">Karta \u00f6ver koloniomr\u00e5dena i Lund<\/a><br \/><a href=\"https:\/\/www.lund.se\/globalassets\/lund.se\/upp_gora\/idrott-motion-och-friluftsliv\/friluftsliv-och-motion\/koloni-och-odlingslotter\/koloni\/adresser-och-fastighetsbeteckningar-koloniomraden.pdf\">Adresser till koloniomr\u00e5den<\/a><br \/><a href=\"https:\/\/l.facebook.com\/l.php?u=https%3A%2F%2Fbit.ly%2Fkolonier%3Ffbclid%3DIwAR2bWPPqJakSvbjsJqUZlkxL0ESXus0RkrxwUMxq-rUXC3zcdsRuVuDyIBo&amp;h=AT198-08j4cbJLEWyglIpQXKl1JwbJyC6tMOSiUj2jxcuXD0R94W7ZCZERy4KH07tSMayvQtNVmNmtZDX8-ux9Io2uUesOBYw-2UpUB7Zu8_qfno_r5EfkZTY2Vmzx7PaQa2JGJcP53wmhruQwWUnH11QmNQuLiCpM3CHuGtXIvB0YIaxXj43J6fVH2_UrBbO5I23LkC0je4TERZZreUjhLBN7FOprBxiLS2eZcTQfVqErm1Moj_OZxqijFyKdBylf7iO02sike1c-NI6qHuo9QS1x4_OTMUfkTy9Dgobw1E35xTK11HC4Zl7fmlE_6crqbYa017z93CGzD2S2v8wUluNTtHHpyYG38-2-EcBw4iD8vr2Focx42mtRcip21p4TzYaQXkxJ8IDdVaIkJd2Ib2DNVevowfMfehktWha7ZJeLlqarF3NM2vpREBosq0mWXk1iMdG_--PrfIyswaSqXp17qGYeiJv3krTkJztQHHHzp1Jq7B-r8OTD2cInOD40adzoONCRvODBgqfKQGM9L0sYdqoKzyMUYzzGbY9_AhbY4QJQDkkDR8ij5--m4jJAYa8SiQ2uXZnehhzbecGe3cTp0dbDeyXR5OqTDXJx4tryFjbZYxZZq3JcF6HigEDlIuRC1AXBk\">Broschyr om koloniomr\u00e5dena i Lund<\/a>, gjord av&nbsp;<a href=\"https:\/\/www.facebook.com\/SvenskaDestinationLund\/\">Destination Lund<\/a><br \/><a href=\"http:\/\/bevaringsprogram.lund.se\/wiki\/bevaringsprogram\/index.php\/Koloniomr%C3%A5dena_S:t_M%C3%A5nslyckan_och_Haga\">Lunds bevaringsprogram. Koloniomr\u00e5dena S:t M\u00e5nslyckan och Haga<\/a><br \/><a href=\"https:\/\/www.facebook.com\/Odlailund\/\">Odla i Lund \u2013 stadsodling<\/a><br \/><a href=\"https:\/\/lund.se\/globalassets\/lund.se\/upp_gora\/idrott-motion-och-friluftsliv\/friluftsliv-och-motion\/koloni-och-odlingslotter\/program-for-urban-odling.tn170215.pdf\">Lunds kommuns program f\u00f6r urban odling<\/a><\/p>\n\n\n\n<div style=\"height:10px\" aria-hidden=\"true\" class=\"wp-block-spacer\"><\/div>\n\n\n\n<h4 class=\"wp-block-heading\">Utflyktsm\u00e5l<\/h4>\n\n\n\n<p><a href=\"http:\/\/www.botaniskatradgarden.se\/\">Botaniska tr\u00e4dg\u00e5rden i Lund<\/a><br \/><a href=\"https:\/\/fredriksdal.se\/\">Fredriksdal<\/a><br \/><a href=\"http:\/\/www.landskrona.se\/se-gora\/kultur-noje\/museerochkonsthall\/rothoffs-museikoloni\/\">Rothoffs museikoloni i Landskrona<\/a><br \/><a href=\"http:\/\/malmo.se\/slottstradgarden\">Slottstr\u00e4dg\u00e5rden i Malm\u00f6<\/a><br \/><a href=\"https:\/\/sofiero.se\/\">Sofiero<\/a><\/p>\n\n\n\n<div style=\"height:10px\" aria-hidden=\"true\" class=\"wp-block-spacer\"><\/div>\n\n\n\n<h4 class=\"wp-block-heading\">Forum<\/h4>\n\n\n\n<p><a href=\"https:\/\/www.tradgardsriket.se\/\">Tr\u00e4dg\u00e5rds Sverige<\/a><br \/><a href=\"http:\/\/www.vaxtforum.se\/\">V\u00e4xtforum<\/a><br \/><a href=\"http:\/\/forum.odla.nu\/\">Odla.nu<\/a><\/p>\n\n\n\n<div style=\"height:10px\" aria-hidden=\"true\" class=\"wp-block-spacer\"><\/div>\n\n\n\n<h4 class=\"wp-block-heading\">Litteratur<\/h4>\n\n\n\n<p><a href=\"http:\/\/libris.kb.se\/bib\/13530482\">P\u00e5 landet i Lund: om koloniomr\u00e5den d\u00e5 och nu<\/a>&nbsp;(F\u00f6reningen Gamla Lund, \u00e5rsbok 2012)<br \/><a href=\"http:\/\/libris.kb.se\/bib\/9995827\">Koloniomr\u00e5det \u00d6ster I i Lund: 100-\u00e5rs jubileum 2005<\/a><br \/><a href=\"http:\/\/libris.kb.se\/bib\/q169r1txn9gtg6cw\">Dagbok fr\u00e5n paradiset: \u00d6ster II 100 \u00e5r<\/a><br \/><a href=\"http:\/\/libris.kb.se\/bib\/1488064\">Minnesskrift: Lunds stads kolonitr\u00e4dg\u00e5rdar 1905-1924<\/a><br \/><a href=\"https:\/\/kolonitradgardsforbundet.se\/tidning\/\">Tidskriften Kolonitr\u00e4dg\u00e5rden<\/a><br \/><a href=\"http:\/\/tradgardsliv.net\/\">Tidskriften Tr\u00e4dg\u00e5rdsliv<\/a><\/p>\n\n\n\n<div style=\"height:10px\" aria-hidden=\"true\" class=\"wp-block-spacer\"><\/div>\n\n\n\n<h4 class=\"wp-block-heading\">Plantskolor<\/h4>\n\n\n\n<p><a href=\"http:\/\/www.flyingeplantshop.se\/\">Flyinge Plantshop<\/a><br \/><a href=\"http:\/\/www.tirupsortagard.se\/\">Tirups \u00d6rtag\u00e5rd<\/a><br \/><a href=\"http:\/\/tradgardsbutikenfladie.com\/\">Tr\u00e4dg\u00e5rdsbutiken Fjelie<\/a><\/p>\n","protected":false},"excerpt":{"rendered":"<p>F\u00f6reningar Lunds Kolonisters Centralf\u00f6reningLunds Tr\u00e4dg\u00e5rdss\u00e4llskapKolonitr\u00e4dg\u00e5rdsf\u00f6rbundetRiksf\u00f6rbundet Svensk Tr\u00e4dg\u00e5rdNaturskyddsf\u00f6reningen \u2013 Lund Koloni, tr\u00e4dg\u00e5rd och odling i Lund Koloniomr\u00e5den och odlingslotterKarta \u00f6ver koloniomr\u00e5dena i LundAdresser till koloniomr\u00e5denBroschyr om koloniomr\u00e5dena i Lund, gjord av&nbsp;Destination LundLunds bevaringsprogram. Koloniomr\u00e5dena S:t M\u00e5nslyckan och HagaOdla i Lund \u2013 stadsodlingLunds kommuns program f\u00f6r urban odling Utflyktsm\u00e5l Botaniska tr\u00e4dg\u00e5rden i LundFredriksdalRothoffs museikoloni i LandskronaSlottstr\u00e4dg\u00e5rden i&hellip; <a class=\"more-link\" href=\"https:\/\/sanktmanslyckan.se\/?page_id=217\">Forts\u00e4tt l\u00e4sa <span class=\"screen-reader-text\">L\u00e4nkar<\/span><\/a><\/p>\n","protected":false},"author":2,"featured_media":0,"parent":0,"menu_order":0,"comment_status":"closed","ping_status":"closed","template":"","meta":{"footnotes":""},"class_list":["post-217","page","type-page","status-publish","hentry","entry"],"_links":{"self":[{"href":"https:\/\/sanktmanslyckan.se\/index.php?rest_route=\/wp\/v2\/pages\/217","targetHints":{"allow":["GET"]}}],"collection":[{"href":"https:\/\/sanktmanslyckan.se\/index.php?rest_route=\/wp\/v2\/pages"}],"about":[{"href":"https:\/\/sanktmanslyckan.se\/index.php?rest_route=\/wp\/v2\/types\/page"}],"author":[{"embeddable":true,"href":"https:\/\/sanktmanslyckan.se\/index.php?rest_route=\/wp\/v2\/users\/2"}],"replies":[{"embeddable":true,"href":"https:\/\/sanktmanslyckan.se\/index.php?rest_route=%2Fwp%2Fv2%2Fcomments&post=217"}],"version-history":[{"count":3,"href":"https:\/\/sanktmanslyckan.se\/index.php?rest_route=\/wp\/v2\/pages\/217\/revisions"}],"predecessor-version":[{"id":369,"href":"https:\/\/sanktmanslyckan.se\/index.php?rest_route=\/wp\/v2\/pages\/217\/revisions\/369"}],"wp:attachment":[{"href":"https:\/\/sanktmanslyckan.se\/index.php?rest_route=%2Fwp%2Fv2%2Fmedia&parent=217"}],"curies":[{"name":"wp","href":"https:\/\/api.w.org\/{rel}","templated":true}]}}