{"id":214,"date":"2021-08-15T15:04:55","date_gmt":"2021-08-15T13:04:55","guid":{"rendered":"http:\/\/46.246.38.222\/?page_id=214"},"modified":"2022-07-14T20:29:46","modified_gmt":"2022-07-14T18:29:46","slug":"kontakt-2","status":"publish","type":"page","link":"https:\/\/sanktmanslyckan.se\/?page_id=214","title":{"rendered":"Kontakt"},"content":{"rendered":"\n<h2 class=\"wp-block-heading\">Bes\u00f6ksadress<\/h2>\n\n\n\n<p>S:t M\u00e5nslyckans koloniomr\u00e5de<br>M\u00f6llegatan 7 (Grinden mittemot Hedda)<br>R\u00e5dmansgatan 15 (Grinden vid Polhemskolan)<br>222 29 Lund<\/p>\n\n\n\n<p><a href=\"mailto:styrelsen@sanktmanslyckan.se\">sanktmanslyckans-styrelse@googlegroups.com<\/a><\/p>\n","protected":false},"excerpt":{"rendered":"<p>Bes\u00f6ksadress S:t M\u00e5nslyckans koloniomr\u00e5deM\u00f6llegatan 7 (Grinden mittemot Hedda)R\u00e5dmansgatan 15 (Grinden vid Polhemskolan)222 29 Lund sanktmanslyckans-styrelse@googlegroups.com<\/p>\n","protected":false},"author":2,"featured_media":0,"parent":0,"menu_order":0,"comment_status":"closed","ping_status":"closed","template":"","meta":{"footnotes":""},"class_list":["post-214","page","type-page","status-publish","hentry","entry"],"_links":{"self":[{"href":"https:\/\/sanktmanslyckan.se\/index.php?rest_route=\/wp\/v2\/pages\/214","targetHints":{"allow":["GET"]}}],"collection":[{"href":"https:\/\/sanktmanslyckan.se\/index.php?rest_route=\/wp\/v2\/pages"}],"about":[{"href":"https:\/\/sanktmanslyckan.se\/index.php?rest_route=\/wp\/v2\/types\/page"}],"author":[{"embeddable":true,"href":"https:\/\/sanktmanslyckan.se\/index.php?rest_route=\/wp\/v2\/users\/2"}],"replies":[{"embeddable":true,"href":"https:\/\/sanktmanslyckan.se\/index.php?rest_route=%2Fwp%2Fv2%2Fcomments&post=214"}],"version-history":[{"count":2,"href":"https:\/\/sanktmanslyckan.se\/index.php?rest_route=\/wp\/v2\/pages\/214\/revisions"}],"predecessor-version":[{"id":274,"href":"https:\/\/sanktmanslyckan.se\/index.php?rest_route=\/wp\/v2\/pages\/214\/revisions\/274"}],"wp:attachment":[{"href":"https:\/\/sanktmanslyckan.se\/index.php?rest_route=%2Fwp%2Fv2%2Fmedia&parent=214"}],"curies":[{"name":"wp","href":"https:\/\/api.w.org\/{rel}","templated":true}]}}