{"id":146,"date":"2021-08-14T20:01:01","date_gmt":"2021-08-14T18:01:01","guid":{"rendered":"http:\/\/46.246.38.222\/?page_id=146"},"modified":"2021-08-16T07:37:07","modified_gmt":"2021-08-16T05:37:07","slug":"var-historia","status":"publish","type":"page","link":"https:\/\/sanktmanslyckan.se\/?page_id=146","title":{"rendered":"V\u00e5r historia"},"content":{"rendered":"\n<div class=\"wp-block-media-text alignwide is-stacked-on-mobile\"><figure class=\"wp-block-media-text__media\"><img loading=\"lazy\" decoding=\"async\" width=\"1024\" height=\"731\" src=\"https:\/\/sanktmanslyckan.se\/wp-content\/uploads\/2021\/08\/St-Manslyckan-Historia-01.jpg\" alt=\"\" class=\"wp-image-160 size-full\"\/><\/figure><div class=\"wp-block-media-text__content\">\n<p>S:t M\u00e5nslyckans koloniomr\u00e5de anlades 1907 som Lunds andra kommunala koloniomr\u00e5de. Stadsdelen hade en stor andel arbetare och det var en medveten placering f\u00f6r att ge dem en m\u00f6jlighet till avkoppling och odling. Totalt skapades 85 kolonilotter p\u00e5 120 kvadratmeter vardera.<\/p>\n<\/div><\/div>\n\n\n\n<div style=\"height:50px\" aria-hidden=\"true\" class=\"wp-block-spacer\"><\/div>\n\n\n\n<div class=\"wp-block-media-text alignwide has-media-on-the-right is-stacked-on-mobile\"><figure class=\"wp-block-media-text__media\"><img loading=\"lazy\" decoding=\"async\" width=\"819\" height=\"1024\" src=\"https:\/\/sanktmanslyckan.se\/wp-content\/uploads\/2021\/08\/St-Manslyckan-Historia-02.jpg\" alt=\"\" class=\"wp-image-162 size-full\"\/><\/figure><div class=\"wp-block-media-text__content\">\n<p class=\"has-large-font-size\">Stugornas utseende varierar och det finns prov p\u00e5 de flesta av 1900-talets stilideal. Eventuellt h\u00e4rstammar ett par byggnader fr\u00e5n industri-, konst- och hantverksutst\u00e4llningen i Lund 1907.<\/p>\n\n\n\n<p>P\u00e5 1920-talet uppr\u00e4ttade stadsarkitekt J. Anchert ett antal typritningar f\u00f6r att b\u00e4ttre styra stugornas utformning. \u00c4ven p\u00e5 1930-talet uppr\u00e4ttade Ingeborg Hammarskj\u00f6ld typritningar i mer funkisinspirerad stil.<\/p>\n\n\n\n<p>I omr\u00e5det finns den gamla Cigarrkiosken fr\u00e5n Lundautst\u00e4llningen 1907, den utg\u00f6r nu en av kommunens visningskolonier i konceptet L\u00e4rande koloni. Tanken \u00e4r att denna kolonilott skall vara en inspirationsk\u00e4lla f\u00f6r dem som \u00e4r intresserade av denna verksamhet.<\/p>\n<\/div><\/div>\n\n\n\n<div style=\"height:50px\" aria-hidden=\"true\" class=\"wp-block-spacer\"><\/div>\n\n\n\n<figure class=\"wp-block-pullquote\"><blockquote><p>Har du n\u00e5got som kan belysa v\u00e5rt koloniomr\u00e5des historia?<\/p><cite><br>Det kan vara en bild, ett tidningsurklipp eller en ber\u00e4ttelse som du skrivit. H\u00f6r i s\u00e5 fall av dig och ber\u00e4tta.<\/cite><\/blockquote><\/figure>\n\n\n\n<div style=\"height:50px\" aria-hidden=\"true\" class=\"wp-block-spacer\"><\/div>\n\n\n\n<figure class=\"wp-block-image alignwide size-large\"><img decoding=\"async\" src=\"https:\/\/sanktmanslyckan.se\/wp-content\/uploads\/2021\/08\/St-Manslyckan-Historia-03.jpg\" alt=\"\"\/><\/figure>\n\n\n\n<div style=\"height:10px\" aria-hidden=\"true\" class=\"wp-block-spacer\"><\/div>\n\n\n\n<div class=\"wp-block-columns alignwide is-layout-flex wp-container-core-columns-is-layout-9d6595d7 wp-block-columns-is-layout-flex\">\n<div class=\"wp-block-column is-layout-flow wp-block-column-is-layout-flow\" style=\"flex-basis:66.66%\">\n<p class=\"has-small-font-size\">Tolvmannahuset, som ligger ett stenkast fr\u00e5n S:t M\u00e5nslyckans koloniomr\u00e5de, l\u00e4r vara Lunds f\u00f6rsta bostadsf\u00f6rening och namnet har det f\u00e5tt efter de f\u00f6rsta tolv medlemmarna. F\u00f6rutom kr\u00f6garen p\u00e5 Folkets hus var de alla arbetare, bland annat fyra j\u00e4rnarbetare, och f\u00f6r intr\u00e4de i f\u00f6reningen kr\u00e4vdes medlemsskap i en facklig organisation. Flera av f\u00f6reningens medlemmar arbetade p\u00e5 Carl Holmbergs mekaniska verkst\u00e4der eller Armaturfabriken, d\u00e4r f\u00f6reningens drivande kraft modellsnickaren Per Jakobsson hade goda kontakter med cheferna som han fick att g\u00e5 i borgen f\u00f6r f\u00f6reningen.<\/p>\n<\/div>\n\n\n\n<div class=\"wp-block-column is-layout-flow wp-block-column-is-layout-flow\" style=\"flex-basis:33.33%\">\n<h5 class=\"wp-block-heading\">Fakta<\/h5>\n\n\n\n<p class=\"has-extra-small-font-size\"><strong>Namn<\/strong>&nbsp;Tolvmannahuset<br><strong>Adress<\/strong>&nbsp;Jutahusgatan 7, Idrottsgatan 8\u201310,<br>M\u00f6llegatan 16<br><strong>Byggnads\u00e5r<\/strong>&nbsp;1902\/03<\/p>\n<\/div>\n<\/div>\n\n\n\n<div style=\"height:50px\" aria-hidden=\"true\" class=\"wp-block-spacer\"><\/div>\n\n\n\n<div class=\"wp-block-columns alignwide are-vertically-aligned-center is-style-twentytwentyone-columns-overlap is-layout-flex wp-container-core-columns-is-layout-9d6595d7 wp-block-columns-is-layout-flex\">\n<div class=\"wp-block-column is-vertically-aligned-center is-layout-flow wp-block-column-is-layout-flow\">\n<figure class=\"wp-block-image alignfull size-large\"><img decoding=\"async\" src=\"https:\/\/sanktmanslyckan.se\/wp-content\/uploads\/2021\/08\/St-Manslyckan-Historia-06.jpg\" alt=\"\"\/><\/figure>\n\n\n\n<div style=\"height:100px\" aria-hidden=\"true\" class=\"wp-block-spacer\"><\/div>\n\n\n\n<figure class=\"wp-block-image alignfull size-large\"><img decoding=\"async\" src=\"https:\/\/sanktmanslyckan.se\/wp-content\/uploads\/2021\/08\/St-Manslyckan-Historia-04.jpg\" alt=\"\"\/><\/figure>\n<\/div>\n\n\n\n<div class=\"wp-block-column is-vertically-aligned-center is-layout-flow wp-block-column-is-layout-flow\">\n<div style=\"height:100px\" aria-hidden=\"true\" class=\"wp-block-spacer\"><\/div>\n\n\n\n<figure class=\"wp-block-image size-large alignfull\"><img decoding=\"async\" src=\"https:\/\/sanktmanslyckan.se\/wp-content\/uploads\/2021\/08\/St-Manslyckan-Historia-05.jpg\" alt=\"\"\/><\/figure>\n<\/div>\n<\/div>\n\n\n\n<div style=\"height:50px\" aria-hidden=\"true\" class=\"wp-block-spacer\"><\/div>\n\n\n\n<h3 class=\"wp-block-heading\">Bevaringsprogram f\u00f6r Lund<\/h3>\n\n\n\n<p>Flera av s\u00e5v\u00e4l kolonistugorna som tr\u00e4dg\u00e5rdsanl\u00e4ggningarna har ett icke f\u00f6raktligt kulturhistoriskt v\u00e4rde liksom milj\u00f6n i sin helhet.<\/p>\n\n\n\n<ul class=\"wp-block-list\"><li>Kolonistugornas detaljrikedom med element som sm\u00e5spr\u00f6jsade f\u00f6nster och m\u00f6nsters\u00e5gade detaljer b\u00f6r bibeh\u00e5llas.<\/li><\/ul>\n\n\n\n<ul class=\"wp-block-list\"><li>Flera tr\u00e4dg\u00e5rdsanl\u00e4ggningar har en \u00e5lderdomlig karakt\u00e4r med t ex l\u00e5ga buxbomsh\u00e4ckar. \u00d6nskv\u00e4rt \u00e4r att dessa kan bibeh\u00e5llas. Det intensiva utnyttjandet av marken \u00e4r karakt\u00e4ristiskt och st\u00f6rre sammanh\u00e4ngande gr\u00e4sytor b\u00f6r undvikas.<\/li><\/ul>\n\n\n\n<ul class=\"wp-block-list\"><li>Nya kolonistugor b\u00f6r uppf\u00f6ras av hyvlad tr\u00e4panel och t\u00e4ckm\u00e5las. Olika typer av skivmaterial liksom tryckimpregnerat eller oljat virke \u00e4r ol\u00e4mpligt. Knuttimrade stugor och utrangerade manskapsbodar b\u00f6r undvikas. Taken b\u00f6r utformas som sadeltak och t\u00e4ckas med papp. Storleken p\u00e5 kolonistugorna b\u00f6r begr\u00e4nsas och placeringen p\u00e5 lotten anpassas till omgivningen.<\/li><\/ul>\n\n\n\n<ul class=\"wp-block-list\"><li>\u00c4ven staket och g\u00e5ngar utg\u00f6r viktiga inslag i milj\u00f6n. G\u00e5ngarna b\u00f6r vara grusade eller singlade medan asfalt ej kan accepteras. En karakt\u00e4ristisk detalj \u00e4r de \u201dportaler\u201d i form av kl\u00e4tterst\u00e4llningar i metall f\u00f6r kl\u00e4ngrosor som pryder flera av kolonilotternas entr\u00e9er.<\/li><\/ul>\n\n\n\n<div style=\"height:10px\" aria-hidden=\"true\" class=\"wp-block-spacer\"><\/div>\n\n\n\n<hr class=\"wp-block-separator is-style-twentytwentyone-separator-thick\"\/>\n\n\n\n<p><strong>Stort tack till<\/strong>&nbsp;Bertil Staffansson och Marianne S\u00f6rensen f\u00f6r bildmaterial \/&nbsp;<strong>Texter fr\u00e5n<\/strong>&nbsp;Tekniska f\u00f6rvaltningen, Lunds kommun<\/p>\n","protected":false},"excerpt":{"rendered":"<p>S:t M\u00e5nslyckans koloniomr\u00e5de anlades 1907 som Lunds andra kommunala koloniomr\u00e5de. Stadsdelen hade en stor andel arbetare och det var en medveten placering f\u00f6r att ge dem en m\u00f6jlighet till avkoppling och odling. Totalt skapades 85 kolonilotter p\u00e5 120 kvadratmeter vardera. Stugornas utseende varierar och det finns prov p\u00e5 de flesta av 1900-talets stilideal. Eventuellt h\u00e4rstammar&hellip; <a class=\"more-link\" href=\"https:\/\/sanktmanslyckan.se\/?page_id=146\">Forts\u00e4tt l\u00e4sa <span class=\"screen-reader-text\">V\u00e5r historia<\/span><\/a><\/p>\n","protected":false},"author":1,"featured_media":0,"parent":0,"menu_order":0,"comment_status":"closed","ping_status":"closed","template":"","meta":{"footnotes":""},"class_list":["post-146","page","type-page","status-publish","hentry","entry"],"_links":{"self":[{"href":"https:\/\/sanktmanslyckan.se\/index.php?rest_route=\/wp\/v2\/pages\/146","targetHints":{"allow":["GET"]}}],"collection":[{"href":"https:\/\/sanktmanslyckan.se\/index.php?rest_route=\/wp\/v2\/pages"}],"about":[{"href":"https:\/\/sanktmanslyckan.se\/index.php?rest_route=\/wp\/v2\/types\/page"}],"author":[{"embeddable":true,"href":"https:\/\/sanktmanslyckan.se\/index.php?rest_route=\/wp\/v2\/users\/1"}],"replies":[{"embeddable":true,"href":"https:\/\/sanktmanslyckan.se\/index.php?rest_route=%2Fwp%2Fv2%2Fcomments&post=146"}],"version-history":[{"count":6,"href":"https:\/\/sanktmanslyckan.se\/index.php?rest_route=\/wp\/v2\/pages\/146\/revisions"}],"predecessor-version":[{"id":241,"href":"https:\/\/sanktmanslyckan.se\/index.php?rest_route=\/wp\/v2\/pages\/146\/revisions\/241"}],"wp:attachment":[{"href":"https:\/\/sanktmanslyckan.se\/index.php?rest_route=%2Fwp%2Fv2%2Fmedia&parent=146"}],"curies":[{"name":"wp","href":"https:\/\/api.w.org\/{rel}","templated":true}]}}